{"id":1974,"date":"2016-06-20T18:29:21","date_gmt":"2016-06-20T18:29:21","guid":{"rendered":"http:\/\/192.168.1.138\/?page_id=1974"},"modified":"2016-06-20T18:36:32","modified_gmt":"2016-06-20T18:36:32","slug":"los","status":"publish","type":"page","link":"http:\/\/kololowieckie41los.pl\/?page_id=1974","title":{"rendered":"\u0141o\u015b"},"content":{"rendered":"<p><img loading=\"lazy\" decoding=\"async\" class=\"alignnone size-medium wp-image-1964\" src=\"http:\/\/kololowieckie41los.pl\/wp-content\/uploads\/2016\/06\/\u0142osss-300x90.jpg\" alt=\"\u0142osss\" width=\"300\" height=\"90\" srcset=\"http:\/\/kololowieckie41los.pl\/wp-content\/uploads\/2016\/06\/\u0142osss-300x90.jpg 300w, http:\/\/kololowieckie41los.pl\/wp-content\/uploads\/2016\/06\/\u0142osss-768x232.jpg 768w, http:\/\/kololowieckie41los.pl\/wp-content\/uploads\/2016\/06\/\u0142osss-1024x309.jpg 1024w, http:\/\/kololowieckie41los.pl\/wp-content\/uploads\/2016\/06\/\u0142osss.jpg 1920w\" sizes=\"auto, (max-width: 300px) 100vw, 300px\" \/><\/p>\n<p>\u0141o\u015b jest najwi\u0119ksz\u0105 \u017cyj\u0105c\u0105 w Polsce zwierzyn\u0105 p\u0142ow\u0105. \u0141o\u015b-byk osi\u0105ga mas\u0119 250-350 kg, wysoko\u015b\u0107 180-210 cm, d\u0142ugo\u015b\u0107 cia\u0142a 200-270 cm. \u0141o\u015b-klempa osi\u0105ga mas\u0119 200-250 kg. Poro\u017ce byka jest w postaci tyk z d\u0142ugimi odnogami lub w kszta\u0142cie \u0142opat z kr\u00f3tszymi odnogami, zwanymi pasynkami. U nas cz\u0119strz\u0105 forma poro\u017ca s\u0105 te pierwsze. Poro\u017ca \u0142osia odrastaja z g\u0142owy na boki, a nie do g\u00f3ry jak u jelenia. Suknia \u0142osia jest jednolicie ciemnobr\u0105zowa, wzd\u0142u\u017c grzbietu biegnie czasami pr\u0119ga prawie czarna, nogi bia\u0142e. \u0141eb ma w\u0105ski, d\u0142ugi, z du\u017c\u0105 opadaj\u0105c\u0105 g\u00f3rna warg\u0105. Pod \u0142bem na szyi ma naro\u015bl t\u0142uszczow\u0105 z d\u0142ugim czarnym w\u0142osem, tzw. brod\u0119. Ma kr\u00f3tki ogon, d\u0142ugo\u015bci 10-15 cm. Rasice \u0142osia s\u0105 pod\u0142u\u017cne, lekko zaokr\u0105glone. Raciczki pozostawiaj\u0105 \u015blad w czsie biegu lub chodu po mi\u0119kkim pod\u0142o\u017cu. \u0141osie nie s\u0105 p\u0142ochliwe, chodz\u0105 wolnym, spokojnym krokiem, maja s\u0142aby wzrok i s\u0142uch, natomiast dobry w\u0119ch.<\/p>\n<p>\u0141o\u015b zyje najch\u0119tniej w terenie podmok\u0142ym, zaro\u015bni\u0119tym drzewami i krzewami. Utrzymuje si\u0119 r\u00f3wnie\u017c w lesie z dost\u0119pem do podmok\u0142ych \u0142\u0105k lub zbiornik\u00f3w wody. Mimo swej masy, z \u0142atwo\u015bci\u0105 porusza si\u0119 nawet po gruncie bagnistym, brodzi po mokrad\u0142ach i dobrze p\u0142ywa.<br \/>\n\u0141osie \u017cyj\u0105 pojedynczo lub w ma\u0142ych, rodzinnych chmarach po kilka sztuk. Cz\u0119sto tak\u0105 chmar\u0119 tworzy klempa z \u0142oszakami r\u00f3wnie\u017c ubieg\u0142orocznymi. Byki tworz\u0105 osobna chmar\u0119.<br \/>\nW zim\u0119 \u0142osie zwykle trzymaj\u0105 si\u0119 swoich ostoi, ale na wiosn\u0119 i jesieni\u0105 przemierzaj\u0105 nieraz du\u017ce odleg\u0142o\u015bci, szczeg\u00f3lnie m\u0142ode sztuki. takie w\u0119dr\u00f3wki \u0142osi-byk\u00f3w zdarzaj\u0105 si\u0119 g\u0142ownie w okresie bukowiska (rui).<\/p>\n<p>\u0141o\u015b \u017cywi si\u0119 m\u0142odymi p\u0119dami drzew i krzew\u00f3w, kor\u0105 z mi\u0119kkich drzew, ro\u015blinami wodnymi, zio\u0142ami, a tak\u017ce zbo\u017cem. Lubian\u0105 przez \u0142osie karm\u0119 stanowi\u0105 ga\u0142\u0119zie wierzby, d\u0119bu, klonu, brzozy, jarz\u0119biny, ja\u0142owca i kruszyny, a tak\u017ce sosny; natomiast niezbyt ch\u0119tnie jedz\u0105 ga\u0142\u0119zie \u015bwierku, modrzewia i leszczyny.<\/p>\n<p>Ruja (bukowisko) odbywa si\u0119 we wrze\u015bniu i w pierwszej po\u0142owie pa\u017adziernika. W okresie rui przy byku jest zwykle jedna klempa. W tym czasie \u0142osie-byki wydaj\u0105 g\u0142os zwany st\u0119kaniem. Klempa cieli si\u0119 w maju lub w czerwcu, a wi\u0119c po 8 miesi\u0105cach ci\u0105\u017cy. Klempa rodzi zwykle 1 lub 2 \u0142oszaki.<br \/>\n\u0141oszaki w pierwszym okresie s\u0105 wyj\u0105tkowo niezgrabne (bardzo d\u0142ugie nogi, kr\u00f3tki tu\u0142\u00f3w i pokraczne ruchy) i nieporadne, ale po kilku tygodniach ju\u017c dobrze sobie radz\u0105 i szybko rozwijaj\u0105 si\u0119 fizycznie.<\/p>\n<p><b>Polowanie: <\/b>na \u0142osie polowa\u0142o si\u0119 od wrze\u015bnia do ko\u0144ca grudnia. Obecnie \u0142osie (byki, klempy i \u0142oszaki) obj\u0119te s\u0105 ca\u0142oroczna ochron\u0105. Na \u0142osie polowa\u0142o si\u0119 g\u0142\u00f3wnie z podchodu. Tropy \u0142osia s\u0105 na og\u00f3\u0142 dobrze widoczne, dlatego mozliwe jest tropienie i podchodzenie \u0142osi w ostroi.<br \/>\nW okresie bukowiska \u0142o\u015b-byk zdradza g\u0142osem swoja obecno\u015b\u0107 wieczorem i rano, a to daje okazj\u0119 do ustalenia miejsca pobytu.<\/p>\n","protected":false},"excerpt":{"rendered":"<p>\u0141o\u015b jest najwi\u0119ksz\u0105 \u017cyj\u0105c\u0105 w Polsce zwierzyn\u0105 p\u0142ow\u0105. \u0141o\u015b-byk osi\u0105ga mas\u0119 250-350 kg, wysoko\u015b\u0107 180-210 cm, d\u0142ugo\u015b\u0107 cia\u0142a 200-270 cm. \u0141o\u015b-klempa osi\u0105ga mas\u0119 200-250 kg. Poro\u017ce byka jest w postaci tyk z d\u0142ugimi odnogami lub w kszta\u0142cie \u0142opat z kr\u00f3tszymi odnogami, zwanymi pasynkami. U nas cz\u0119strz\u0105 forma poro\u017ca s\u0105 te pierwsze. Poro\u017ca \u0142osia odrastaja z [&hellip;]<\/p>\n","protected":false},"author":1,"featured_media":0,"parent":1955,"menu_order":0,"comment_status":"closed","ping_status":"closed","template":"","meta":{"ngg_post_thumbnail":0,"footnotes":"","_links_to":"","_links_to_target":""},"class_list":["post-1974","page","type-page","status-publish","hentry"],"aioseo_notices":[],"_links":{"self":[{"href":"http:\/\/kololowieckie41los.pl\/index.php?rest_route=\/wp\/v2\/pages\/1974","targetHints":{"allow":["GET"]}}],"collection":[{"href":"http:\/\/kololowieckie41los.pl\/index.php?rest_route=\/wp\/v2\/pages"}],"about":[{"href":"http:\/\/kololowieckie41los.pl\/index.php?rest_route=\/wp\/v2\/types\/page"}],"author":[{"embeddable":true,"href":"http:\/\/kololowieckie41los.pl\/index.php?rest_route=\/wp\/v2\/users\/1"}],"replies":[{"embeddable":true,"href":"http:\/\/kololowieckie41los.pl\/index.php?rest_route=%2Fwp%2Fv2%2Fcomments&post=1974"}],"version-history":[{"count":2,"href":"http:\/\/kololowieckie41los.pl\/index.php?rest_route=\/wp\/v2\/pages\/1974\/revisions"}],"predecessor-version":[{"id":1977,"href":"http:\/\/kololowieckie41los.pl\/index.php?rest_route=\/wp\/v2\/pages\/1974\/revisions\/1977"}],"up":[{"embeddable":true,"href":"http:\/\/kololowieckie41los.pl\/index.php?rest_route=\/wp\/v2\/pages\/1955"}],"wp:attachment":[{"href":"http:\/\/kololowieckie41los.pl\/index.php?rest_route=%2Fwp%2Fv2%2Fmedia&parent=1974"}],"curies":[{"name":"wp","href":"https:\/\/api.w.org\/{rel}","templated":true}]}}