{"id":2011,"date":"2016-06-20T19:07:42","date_gmt":"2016-06-20T19:07:42","guid":{"rendered":"http:\/\/192.168.1.138\/?page_id=2011"},"modified":"2016-06-21T10:15:41","modified_gmt":"2016-06-21T10:15:41","slug":"norka-amerykanska","status":"publish","type":"page","link":"http:\/\/kololowieckie41los.pl\/?page_id=2011","title":{"rendered":"Norka Ameryka\u0144ska"},"content":{"rendered":"<p><img loading=\"lazy\" decoding=\"async\" class=\"alignnone size-medium wp-image-2075\" src=\"http:\/\/kololowieckie41los.pl\/wp-content\/uploads\/2016\/06\/norka-300x200.jpg\" alt=\"norka\" width=\"300\" height=\"200\" srcset=\"http:\/\/kololowieckie41los.pl\/wp-content\/uploads\/2016\/06\/norka-300x200.jpg 300w, http:\/\/kololowieckie41los.pl\/wp-content\/uploads\/2016\/06\/norka.jpg 625w\" sizes=\"auto, (max-width: 300px) 100vw, 300px\" \/><\/p>\n<p>Norka ameryka\u0144ska wystepuj\u0105ca u nas pochodzi od zamieszka\u0142ej w stanie dzikim USA i Kanadzie norki hodowlanej. Podobnie jak jenot, z hodowli przesz\u0142a w \u0142owiska. Norka podobna jest do tch\u00f3rza, jej futro jest delikatne, ciemnobr\u0105zowe, ma bia\u0142\u0105 plam\u0119 na dolnej wardze i brodzie, puszyst\u0105 kit\u0119 ok. 20 cm. D\u0142ugo\u015b\u0107 cia\u0142a wynosi ok. 40 cm, masa ok. 800 g. Norka wyst\u0119puje do\u015b\u0107 rzadko w \u0142owiskach. Mo\u017cna j\u0105 spotka\u0107 czasami w p\u00f3\u0142nono-wschodniej cz\u0119\u015bci kraju. Norka jest mi\u0119so\u017cerna, podobnie jak tch\u00f3rz, zjada \u017caby, ryby, jaja, drobne ssaki i ptaki. Na norki mo\u017cna polowa\u0107\u00a0ca\u0142y rok<\/p>\n<p>&nbsp;<\/p>\n","protected":false},"excerpt":{"rendered":"<p>Norka ameryka\u0144ska wystepuj\u0105ca u nas pochodzi od zamieszka\u0142ej w stanie dzikim USA i Kanadzie norki hodowlanej. Podobnie jak jenot, z hodowli przesz\u0142a w \u0142owiska. Norka podobna jest do tch\u00f3rza, jej futro jest delikatne, ciemnobr\u0105zowe, ma bia\u0142\u0105 plam\u0119 na dolnej wardze i brodzie, puszyst\u0105 kit\u0119 ok. 20 cm. D\u0142ugo\u015b\u0107 cia\u0142a wynosi ok. 40 cm, masa ok. [&hellip;]<\/p>\n","protected":false},"author":1,"featured_media":0,"parent":1955,"menu_order":0,"comment_status":"closed","ping_status":"closed","template":"","meta":{"ngg_post_thumbnail":0,"footnotes":"","_links_to":"","_links_to_target":""},"class_list":["post-2011","page","type-page","status-publish","hentry"],"aioseo_notices":[],"_links":{"self":[{"href":"http:\/\/kololowieckie41los.pl\/index.php?rest_route=\/wp\/v2\/pages\/2011","targetHints":{"allow":["GET"]}}],"collection":[{"href":"http:\/\/kololowieckie41los.pl\/index.php?rest_route=\/wp\/v2\/pages"}],"about":[{"href":"http:\/\/kololowieckie41los.pl\/index.php?rest_route=\/wp\/v2\/types\/page"}],"author":[{"embeddable":true,"href":"http:\/\/kololowieckie41los.pl\/index.php?rest_route=\/wp\/v2\/users\/1"}],"replies":[{"embeddable":true,"href":"http:\/\/kololowieckie41los.pl\/index.php?rest_route=%2Fwp%2Fv2%2Fcomments&post=2011"}],"version-history":[{"count":4,"href":"http:\/\/kololowieckie41los.pl\/index.php?rest_route=\/wp\/v2\/pages\/2011\/revisions"}],"predecessor-version":[{"id":2113,"href":"http:\/\/kololowieckie41los.pl\/index.php?rest_route=\/wp\/v2\/pages\/2011\/revisions\/2113"}],"up":[{"embeddable":true,"href":"http:\/\/kololowieckie41los.pl\/index.php?rest_route=\/wp\/v2\/pages\/1955"}],"wp:attachment":[{"href":"http:\/\/kololowieckie41los.pl\/index.php?rest_route=%2Fwp%2Fv2%2Fmedia&parent=2011"}],"curies":[{"name":"wp","href":"https:\/\/api.w.org\/{rel}","templated":true}]}}