{"id":2014,"date":"2016-06-20T19:09:11","date_gmt":"2016-06-20T19:09:11","guid":{"rendered":"http:\/\/192.168.1.138\/?page_id=2014"},"modified":"2016-06-21T09:36:59","modified_gmt":"2016-06-21T09:36:59","slug":"zajac-szarak","status":"publish","type":"page","link":"http:\/\/kololowieckie41los.pl\/?page_id=2014","title":{"rendered":"Zaj\u0105c szarak"},"content":{"rendered":"<p><img loading=\"lazy\" decoding=\"async\" class=\"alignnone size-medium wp-image-2081\" src=\"http:\/\/kololowieckie41los.pl\/wp-content\/uploads\/2016\/06\/szarak-300x291.jpg\" alt=\"szarak\" width=\"300\" height=\"291\" srcset=\"http:\/\/kololowieckie41los.pl\/wp-content\/uploads\/2016\/06\/szarak-300x291.jpg 300w, http:\/\/kololowieckie41los.pl\/wp-content\/uploads\/2016\/06\/szarak.jpg 600w\" sizes=\"auto, (max-width: 300px) 100vw, 300px\" \/><\/p>\n<p>W budowie zaj\u0105ca charakterystyczn\u0105 rzecz\u0105 jest to \u017ce ma on znacznie d\u0142u\u017csze nogi (skoki) tylne niz przednie, oczy osadzone za\u0142kowicie na bokach oraz uszy d\u0142u\u017csze od g\u0142owy. Sk\u00f3ra zaj\u0105ca pokryta jest ko\u017cuchem, kt\u00f3ry ma w\u0142os w zimie d\u0142uzszy i g\u0119\u015bciejszy, w lecie kr\u00f3tszy i rzadszy. Ko\u017cuch zaj\u0105ca w lecie jest z wierzchu szarobr\u0105zowym na bokach \u017c\u00f3\u0142tobrazowy, a na zadzie br\u0105zowopopielaty. G\u0142owa zajaca jest z przodu szarobr\u0105zowa, z bok\u00f3w ja\u015bniejsza, uszy szarobr\u0105zowe, na zewn\u0105trz popielate, a na ko\u0144cach czarne. Pier\u015b i podgardle rdzawe. Ogon kr\u00f3tki, od spodu bia\u0142y, z wierzchu czarny. Oczy du\u017ce, br\u0105zowe. Skoki przednie rdzawe maj\u0105 5 palc\u00f3w, tylne skoki s\u0105 od wewn\u0105trz bia\u0142e, zako\u0144czone 4 palcami.<\/p>\n<p>Zaj\u0105c ma d\u0142ugo\u015b\u0107 do oko\u0142o 75 cm, wysoko\u015b\u0107 30 cm, omyk d\u0142ugo\u015bci 8-10 cm, skoki przednie 20 cm, tylne 36 cm, mas\u0119 3-6 kg. Maksymalny wiek zaj\u0105ca 8-10 lat.<\/p>\n<p>Zaj\u0105c jest najpospolitsz\u0105 u nas w kraju zwierzyn\u0105 i mo\u017cna go spotka\u0107 zar\u00f3wno w polu, jak i w lesie, na r\u00f3wninie i w g\u00f3rach. Zaj\u0105c przebywa najch\u0119tniej na polach \u017cyznych, o wysokiej kulturze rolnej, r\u00f3wninnych, nie podmok\u0142ych, przeplatanych \u0142\u0105kami, lasami i krzakami. Zaj\u0105ce nie lubi\u0105 teren\u00f3w bagiennych, a nawet podmok\u0142ych. R\u00f3\u017cnorodno\u015b\u0107 upraw rolnych pomaga rozwojowi satnu liczbowego zaj\u0119cy ze wzgl\u0119du na rozmaito\u015bc karmy.<\/p>\n<p>Zaj\u0105c jest ro\u015blino\u017cerny, \u017cywi si\u0119 traw\u0105, koniczyn\u0105, burakami, marchwi\u0105, ziemniakami, kapust\u0105, rzepakiem, seradel\u0105 i oziminami zb\u00f3\u017c. Pietruszka, kapusta i buraki stanowi\u0105 najwi\u0119kszy jego przysmak. W zimie kiedy pola przykryte s\u0105 gruba warstw\u0105 sniegu lub cienkim, ale zlodowacia\u0142ym \u015bniegiem, zaj\u0105ce zachodz\u0105 w nocy do ogrod\u00f3w i tam obgryzaj\u0105 g\u0142\u0105by kapusty i kor\u0119 zdrzew owocowych, p\u0105czki drzew i krzew\u00f3w.<br \/>\nZaj\u0105ce przebywaj\u0105ce w lesie zywi\u0105 si\u0119 ro\u015blinno\u015bci\u0105 le\u015bn\u0105, mi\u0119dzy innymi zio\u0142ami, p\u0105czkami drzew li\u015bciastych, mi\u0119kk\u0105, soczyst\u0105 kor\u0105, owocami drzew i krzew\u00f3w, np. \u017co\u0142\u0119dziami, \u017carnowcem itp. Zaj\u0105ce \u017ceruj\u0105 nad wieczorem i wczesnym rankiem, a czasmai r\u00f3wnie\u017c w nocy; w dzie\u0144 wypoczywaj\u0105 w kotlinach.<\/p>\n<p>Parkoty zaj\u0119cy zaczynaj\u0105 si\u0119 &#8211; zale\u017cno\u015bci od pogody &#8211; od po\u0142owy stycznia lub pocz\u0105tku lutego i trwaj\u0105 do sierpnia, najintensywniej w maju i czerwcu. W okresie parkotu za jedn\u0105 samic\u0105 biega cz\u0119sto kilka samc\u00f3w. Parkoty odbywaj\u0105 si\u0119 zar\u00f3wno w nocy jak i w ci\u0105gu ca\u0142ego dnia. W czasie parkot\u00f3w gachy prowadz\u0105 cz\u0119sto za\u017carte boje, kt\u00f3re polegaj\u0105 si\u0119 na bicu przednimi skokami i drapaniu pazurami.<br \/>\nZap\u0142odniona samica koci si\u0119 po oko\u0142o 42 tygodniach, daj\u0105c od 2 do 4 m\u0142odych. M\u0142ode rodz\u0105 si\u0119 dobrze wyro\u015bni\u0119te, ow\u0142osione i z otwartymi oczami. \u017bywi\u0105 si\u0119 przez okres 2-3 tygodni mlekiem matki. Matka nie troszczy si\u0119 zbytnio o swoje male\u0144stwa. Bardzo wcze\u015bnie pozostawia je same, przychodzi je karmi\u0107 tylko 2-3 razy w nocy, a po 2-3 tygodniach ca\u0142kowicie przestaje si\u0119 opiekowa\u0107 si\u0119 nimi. M\u0142ode do czasu wyro\u015bni\u0119cia \u017cyj\u0105 razem, a potem roz\u0142\u0105czaj\u0105 si\u0119, nie odchodz\u0105 jednak zbytnio od miejsca urodzenia.<br \/>\nWykot zaj\u0119cy odbywa si\u0119 na powierzchni ziemi, w os\u0142oni\u0119tej kotlinie. Rocznie samica mo\u017ce da\u0107 w sprzyjaj\u0105cych warunkach 8-10 m\u0142odych w 2-4 miotach, ale znaczna cz\u0119\u015bc ginie na skutek nieodpowiednich warunk\u00f3w pogodowych, zatru\u0107 karm\u0105 lub dzia\u0142ania szkodnik\u00f3w.<br \/>\nZaj\u0105c jest pochodzenia azjatyckiego, pustynnego i dlatego jest bardzo wra\u017cliwy na wilgo\u0107 i deszcz.<\/p>\n<p><b>Polowanie<\/b><br \/>\nNa zaj\u0105ce poluje si\u0119 od 1 lisopada do 31 grudnia, a w drodze od\u0142owu do 31 stycznia. Na zaj\u0105ce poluje si\u0119 tylko zbiorowo &#8211; p\u0119dzeniami, przy udziale zo najmniej 6 my\u015bliwych. Polowanie w kot\u0142y, na pomyka, z podjazdu, na zasiadk\u0119 oraz z psami go\u0144czymi i chartami jest niedozwolone.<\/p>\n","protected":false},"excerpt":{"rendered":"<p>W budowie zaj\u0105ca charakterystyczn\u0105 rzecz\u0105 jest to \u017ce ma on znacznie d\u0142u\u017csze nogi (skoki) tylne niz przednie, oczy osadzone za\u0142kowicie na bokach oraz uszy d\u0142u\u017csze od g\u0142owy. Sk\u00f3ra zaj\u0105ca pokryta jest ko\u017cuchem, kt\u00f3ry ma w\u0142os w zimie d\u0142uzszy i g\u0119\u015bciejszy, w lecie kr\u00f3tszy i rzadszy. Ko\u017cuch zaj\u0105ca w lecie jest z wierzchu szarobr\u0105zowym na bokach [&hellip;]<\/p>\n","protected":false},"author":1,"featured_media":0,"parent":1955,"menu_order":0,"comment_status":"closed","ping_status":"closed","template":"","meta":{"ngg_post_thumbnail":0,"footnotes":"","_links_to":"","_links_to_target":""},"class_list":["post-2014","page","type-page","status-publish","hentry"],"aioseo_notices":[],"_links":{"self":[{"href":"http:\/\/kololowieckie41los.pl\/index.php?rest_route=\/wp\/v2\/pages\/2014","targetHints":{"allow":["GET"]}}],"collection":[{"href":"http:\/\/kololowieckie41los.pl\/index.php?rest_route=\/wp\/v2\/pages"}],"about":[{"href":"http:\/\/kololowieckie41los.pl\/index.php?rest_route=\/wp\/v2\/types\/page"}],"author":[{"embeddable":true,"href":"http:\/\/kololowieckie41los.pl\/index.php?rest_route=\/wp\/v2\/users\/1"}],"replies":[{"embeddable":true,"href":"http:\/\/kololowieckie41los.pl\/index.php?rest_route=%2Fwp%2Fv2%2Fcomments&post=2014"}],"version-history":[{"count":3,"href":"http:\/\/kololowieckie41los.pl\/index.php?rest_route=\/wp\/v2\/pages\/2014\/revisions"}],"predecessor-version":[{"id":2083,"href":"http:\/\/kololowieckie41los.pl\/index.php?rest_route=\/wp\/v2\/pages\/2014\/revisions\/2083"}],"up":[{"embeddable":true,"href":"http:\/\/kololowieckie41los.pl\/index.php?rest_route=\/wp\/v2\/pages\/1955"}],"wp:attachment":[{"href":"http:\/\/kololowieckie41los.pl\/index.php?rest_route=%2Fwp%2Fv2%2Fmedia&parent=2014"}],"curies":[{"name":"wp","href":"https:\/\/api.w.org\/{rel}","templated":true}]}}