{"id":2031,"date":"2016-06-20T19:54:48","date_gmt":"2016-06-20T19:54:48","guid":{"rendered":"http:\/\/192.168.1.138\/?page_id=2031"},"modified":"2016-06-21T09:35:07","modified_gmt":"2016-06-21T09:35:07","slug":"slonka","status":"publish","type":"page","link":"http:\/\/kololowieckie41los.pl\/?page_id=2031","title":{"rendered":"S\u0142onka"},"content":{"rendered":"<p><img loading=\"lazy\" decoding=\"async\" class=\"alignnone size-medium wp-image-1919\" src=\"http:\/\/kololowieckie41los.pl\/wp-content\/uploads\/2016\/06\/s\u0142onka-300x220.jpg\" alt=\"s\u0142onka\" width=\"300\" height=\"220\" srcset=\"http:\/\/kololowieckie41los.pl\/wp-content\/uploads\/2016\/06\/s\u0142onka-300x220.jpg 300w, http:\/\/kololowieckie41los.pl\/wp-content\/uploads\/2016\/06\/s\u0142onka-768x563.jpg 768w, http:\/\/kololowieckie41los.pl\/wp-content\/uploads\/2016\/06\/s\u0142onka.jpg 800w\" sizes=\"auto, (max-width: 300px) 100vw, 300px\" \/><\/p>\n<p>W upierzeniu samiec nie r\u00f3\u017cni si\u0119 od samicy. S\u0142onka ma grzbiet i skrzyd\u0142a pstrokate, popielate, rdzawobrunatne, \u017c\u00f3\u0142tawe i czarniawe plamki. Podbrzusze popielate, \u017c\u00f3\u0142tawobr\u0105zowomarmurkowe. Na g\u0142owie trzy rdzawe, szerokie paski. Podgardle bia\u0142awe. Ko\u0144ce ster\u00f3wek s\u0105 z wierzchu szarobia\u0142e , a od spodu jedwabistobia\u0142e. Oczy ciemnobr\u0105zowe, du\u017ce, osadzone w pobli\u017cu potylicy. Nogi maj\u0105 kolor brunatnoszary. M\u0142ode s\u0142onki s\u0105 ciemniej ubarwione ni\u017c osobniki doros\u0142e. M\u0142ode ptaki maj\u0105 tr\u00f3jk\u0105tne rdzawe znamiona na zewn\u0119trznej chor\u0105giewce pierwszej lotki, natomiast ptaki starsze w tym miejscu maj\u0105 jasn\u0105 smug\u0119. S\u0142onka ma d\u0142ugo\u015b\u0107 oko\u0142o 35 cm, w tym dzi\u00f3b 7-8 cm i ogon 8-9 cm, rozpi\u0119to\u015b\u0107 skrzyde\u0142 oko\u0142o 60 cm, masa oko\u0142o 0,35 kg.<\/p>\n<p>S\u0142onka \u017cywi si\u0119 g\u0142\u00f3wnie drobnymi zwierz\u0119tami tj. d\u017cd\u017cownicami, muchami, larwami i wszelkiego rodzaju owadami, kt\u00f3re wyszukuje grzebi\u0105c dziobem w li\u015bciach pod drzewami. Charakterystyczn\u0105 cech\u0105 zdobywania po\u017cywienia jest wbijanie g\u0142\u0119boko w mi\u0119kk\u0105 ziemi\u0119 lub li\u015bcie swojego d\u0142ugiego dzioba, wkr\u0119caj\u0105c go jak \u015bwider, i wydobywaj\u0105c pokarm (larwy, korzonki ro\u015blinne) powoduj\u0105c przez to wychodzenie z ziemi d\u017cd\u017cownic i innych \u017cyj\u0105tek, kt\u00f3re s\u0105 r\u00f3wnie\u017c zjadane. Wczesn\u0105 wiosn\u0105 s\u0142onka spo\u017cywa pokarm ro\u015blinny: miekkie cz\u0119\u015bci korzeni, zesz\u0142oroczne jagody itp. Ro\u015bliny stanowi\u0105 r\u00f3wnie\u017c uzupe\u0142nienie diety jesiennej. Dzi\u00f3b s\u0142onki jest na ko\u0144cu lekko sp\u0142aszczony, przy czym g\u00f3rna unerwiona jego cz\u0119\u015b\u0107 powoduje wyczucie dziobem \u017ceru bez udzia\u0142u wzroku.<\/p>\n<p>Biotopem s\u0142onki s\u0105 wilgotne lasy li\u015bciaste i mieszane z g\u0119stym podszytem i runem. Warunkiem jej wyst\u0119powania jest obecno\u015b\u0107 bagienek, oles\u00f3w, p\u0142ytkich strumieni le\u015bnych, podmok\u0142ych zag\u0142\u0119bie\u0144 terenu itp.<\/p>\n<p>W Polsce s\u0142onka jest nielicznym ptakiem l\u0119gowym i przelotnym. Przylatuje do nas w marcu-kwietniu. Cz\u0119\u015b\u0107 ptak\u00f3w na wiosn\u0119 zatrzymuje si\u0119 u nas tylko chwilowo i po kilku dniach odlatuje dalej na p\u00f3\u0142noc, a cz\u0119\u015b\u0107 pozostaje i gniazduje, odlatuj\u0105c dopiero w pa\u017adzierniku &#8211; listopadzie. Przeloty odbywaj\u0105 si\u0119 wieczorem i noc\u0105. W zachodniej Polsce nieliczne osobniki regularnie zimuj\u0105 . Na wiosn\u0119 zaraz po przylocie (druga po\u0142owa marca lub pocz\u0105tek kwietnia) rozpoczyna si\u0119 okres godowy s\u0142onek &#8211; toki. W okresie tym s\u0142onki-samczyki w poszukiwaniu samiczki przelatuj\u0105 stale jednym szlakiem. Lot tokowy nazywa si\u0119 ci\u0105giem. W miejscach l\u0119gowych ci\u0105gi trwaj\u0105 r\u00f3wnie\u017c w maju i czerwcu.<br \/>\nW czasie ci\u0105gu s\u0142onki-samczyki wydaj\u0105 charakterystyczny g\u0142os (&#8222;chrapanie&#8221;) i psykania. Ci\u0105g odbywa si\u0119 mniej wi\u0119cej 10-15 minut po zachodzie s\u0142o\u0144ca i trwa do zmroku, oraz rano kr\u00f3tko przed \u015bwitem. S\u0142onki obieraj\u0105 ci\u0105g nad \u0142\u0105kami, wzd\u0142u\u017c \u015bciany lasu, wzd\u0142u\u017c strumieni le\u015bnych, nad li\u015bciastymi pasmami lasu, m\u0142odych brz\u00f3z i olszyn lub nad duktami le\u015bnymi. W lipcu s\u0142onki odbywaj\u0105 podobne ci\u0105gi wieczorne jak na wiosn\u0119, z tym jednak \u017ce w czasie tego letniego ci\u0105gu nie wydaj\u0105 g\u0142osu oraz ci\u0105gn\u0105 o zupe\u0142nym zmroku i nie tylko sta\u0142ymi miejscami ci\u0105g\u00f3w, lecz nad ca\u0142ym lasem. W czasie ci\u0105g\u00f3w samica siedzi zwykle na ziemi i wabi samca psykaniem. Po us\u0142yszeniu wabu samiec zapada przy samicy i rozpoczyna tok naziemny. Najcz\u0119\u015bciej obiega on samic\u0119 z nastroszonymi pi\u00f3rami, opuszczonymi skrzyd\u0142ami i przyci\u015bni\u0119tym do wola dziobem, roz\u0142o\u017conym ogonem, kt\u00f3ry podnosi i opuszcza wydaj\u0105c chrapliwe d\u017awi\u0119ki.<br \/>\nWe wrze\u015bniu-pa\u017adzierniku odlatuj\u0105 s\u0142onki gniazduj\u0105ce u nas, a w tym czasie przylatuj\u0105 do nas s\u0142onki z p\u00f3\u0142nocy i po kilkudniowym odpoczynku udaj\u0105 si\u0119 dalej na po\u0142udnie.<\/p>\n<p>Gniazdowanie s\u0142onek trwa od kwietnia do sierpnia. Gniazda zak\u0142adaj\u0105 w\u015br\u00f3d korzeni drzewa lub w ma\u0142ym wg\u0142\u0119bieniu na ziemi. Samica znosi 4 jaja i wysiaduje je przez 22 dni. Jaja gruszkowatego kszta\u0142tu o wymiarach 42-49&#215;32-35 mm i ci\u0119\u017carze ok. 26 g s\u0105 koloru jasnobrunatnego do czerwonawo\u017c\u00f3\u0142tego, upstrzone du\u017cymi nieregularnymi plamami. Samica wracaj\u0105c na gniazdo podchodzi do niego piechot\u0105. M\u0142ode rozwijaj\u0105 si\u0119 bardzo szybko. Samica opiekuje si\u0119 nimi przez oko\u0142o 6 tygodni. Samiec nie bierze udzia\u0142u ani w wysiadywaniu, ani w wychowie m\u0142odych.<\/p>\n<p><b>Polowanie<\/b><br \/>\nNa s\u0142onki wolno polowa\u0107 od 15 kwietnia do 15 maja. Na s\u0142onki poluje si\u0119 g\u0142\u00f3wnie w czasie ci\u0105g\u00f3w, kt\u00f3re odbywaj\u0105 si\u0119 w drugiej po\u0142owie marca i trwaj\u0105 do lipca przed wschodem lub po zachodzie s\u0142o\u0144ca. Do polowania konieczna jest znajomo\u015b\u0107 szlak\u00f3w ich przelot\u00f3w godowych. S\u0142onka ma bardzo zwinny i szybki lot (osi\u0105ga w nim nawet 80 km\/h), potrafi zr\u0119cznie kluczy\u0107 w\u015br\u00f3d drzew i krzew\u00f3w, dlatego te\u017c strza\u0142 do niej nale\u017cy do bardzo trudnych.<\/p>\n","protected":false},"excerpt":{"rendered":"<p>W upierzeniu samiec nie r\u00f3\u017cni si\u0119 od samicy. S\u0142onka ma grzbiet i skrzyd\u0142a pstrokate, popielate, rdzawobrunatne, \u017c\u00f3\u0142tawe i czarniawe plamki. Podbrzusze popielate, \u017c\u00f3\u0142tawobr\u0105zowomarmurkowe. Na g\u0142owie trzy rdzawe, szerokie paski. Podgardle bia\u0142awe. Ko\u0144ce ster\u00f3wek s\u0105 z wierzchu szarobia\u0142e , a od spodu jedwabistobia\u0142e. Oczy ciemnobr\u0105zowe, du\u017ce, osadzone w pobli\u017cu potylicy. Nogi maj\u0105 kolor brunatnoszary. M\u0142ode s\u0142onki [&hellip;]<\/p>\n","protected":false},"author":1,"featured_media":0,"parent":1955,"menu_order":0,"comment_status":"closed","ping_status":"closed","template":"","meta":{"ngg_post_thumbnail":0,"footnotes":"","_links_to":"","_links_to_target":""},"class_list":["post-2031","page","type-page","status-publish","hentry"],"aioseo_notices":[],"_links":{"self":[{"href":"http:\/\/kololowieckie41los.pl\/index.php?rest_route=\/wp\/v2\/pages\/2031","targetHints":{"allow":["GET"]}}],"collection":[{"href":"http:\/\/kololowieckie41los.pl\/index.php?rest_route=\/wp\/v2\/pages"}],"about":[{"href":"http:\/\/kololowieckie41los.pl\/index.php?rest_route=\/wp\/v2\/types\/page"}],"author":[{"embeddable":true,"href":"http:\/\/kololowieckie41los.pl\/index.php?rest_route=\/wp\/v2\/users\/1"}],"replies":[{"embeddable":true,"href":"http:\/\/kololowieckie41los.pl\/index.php?rest_route=%2Fwp%2Fv2%2Fcomments&post=2031"}],"version-history":[{"count":2,"href":"http:\/\/kololowieckie41los.pl\/index.php?rest_route=\/wp\/v2\/pages\/2031\/revisions"}],"predecessor-version":[{"id":2080,"href":"http:\/\/kololowieckie41los.pl\/index.php?rest_route=\/wp\/v2\/pages\/2031\/revisions\/2080"}],"up":[{"embeddable":true,"href":"http:\/\/kololowieckie41los.pl\/index.php?rest_route=\/wp\/v2\/pages\/1955"}],"wp:attachment":[{"href":"http:\/\/kololowieckie41los.pl\/index.php?rest_route=%2Fwp%2Fv2%2Fmedia&parent=2031"}],"curies":[{"name":"wp","href":"https:\/\/api.w.org\/{rel}","templated":true}]}}