{"id":2034,"date":"2016-06-20T19:57:46","date_gmt":"2016-06-20T19:57:46","guid":{"rendered":"http:\/\/192.168.1.138\/?page_id=2034"},"modified":"2016-06-21T09:57:01","modified_gmt":"2016-06-21T09:57:01","slug":"golab-grzywacz","status":"publish","type":"page","link":"http:\/\/kololowieckie41los.pl\/?page_id=2034","title":{"rendered":"Go\u0142\u0105b grzywacz"},"content":{"rendered":"<p><img loading=\"lazy\" decoding=\"async\" class=\"alignnone size-medium wp-image-2095\" src=\"http:\/\/kololowieckie41los.pl\/wp-content\/uploads\/2016\/06\/grzywacz-300x200.jpg\" alt=\"grzywacz\" width=\"300\" height=\"200\" srcset=\"http:\/\/kololowieckie41los.pl\/wp-content\/uploads\/2016\/06\/grzywacz-300x200.jpg 300w, http:\/\/kololowieckie41los.pl\/wp-content\/uploads\/2016\/06\/grzywacz.jpg 534w\" sizes=\"auto, (max-width: 300px) 100vw, 300px\" \/><\/p>\n<p><b>Grzywacz (Columba palumbus)<\/b> ma upierzenie ciemnopopielate o niebieskim odcieniu. G\u0142owa i g\u00f3rna cz\u0119\u015b\u0107, szyi niebieskawo-szara, pier\u015b jasnopopielata, przypr\u00f3szona jasno-rdzawo. U starych sztuk i tych z wcze\u015bniejszego l\u0119gu na szyi i po bokach w pobli\u017cu g\u0142owy bia\u0142y pasek. Ogon \u00f3d spodu jasnoszary, od g\u00f3ry ciemnoszary, na ko\u0144cu czarny. Skrzyd\u0142a ciemno-stalowe z bia\u0142ymi brzegami pi\u00f3r. Na skrzyd\u0142ach przy zgi\u0119ciu bia\u0142e, d\u0142ugie plamy. Dzi\u00f3b czerwony. Samica ma barwy mniej wyra\u017ane oraz s\u0142abszy po\u0142ysk szyi i piersi. Grzywacz jest nieco wi\u0119kszy od go\u0142\u0119bia domowego; jego d\u0142ugo\u015b\u0107 &#8211; oko\u0142o 45 cm, rozpi\u0119to\u015b\u0107 skrzyde\u0142 do 80 cm, masa oko\u0142o 0,5 kg.<\/p>\n<p>Grzywacz jest ptakiem przelotnym, przebywa u nas od ko\u0144ca marca do ko\u0144ca pa\u017adziernika. \u017byje g\u0142\u00f3wnie w du\u017cych lasach &#8211; najch\u0119tniej d\u0119bowych &#8211; w pobli\u017cu p\u00f3l i \u0142\u0105k, poza tym wyst\u0119puje tak\u017ce w parkach i ogrodach oraz na polach. \u017bywi si\u0119 g\u0142\u00f3wnie nasionami zb\u00f3\u017c, traw i krzew\u00f3w, owadami, owocami drzew (buczyna i \u017co\u0142\u0119dzie), zjada tak\u017ce \u015blimaki i d\u017cd\u017cownice. Grzywacz w zasadzie lata niezbyt szybko, ale czasami osi\u0105ga nawet 90 km\/h. W kwietniu samica sk\u0142ada 2 jaja, kt\u00f3re wysiaduje przez 17 dni. Gniazdo buduje z kawa\u0142k\u00f3w ga\u0142\u0105zek i trawy na wysokich drzewach, w po\u0142owie ich wysoko\u015bci. Grzywacze l\u0119gn\u0105 si\u0119 2-3 razy w roku.<\/p>\n<p>Na grzywacze polujemy od 15 sierpnia do 30 listopada<\/p>\n","protected":false},"excerpt":{"rendered":"<p>Grzywacz (Columba palumbus) ma upierzenie ciemnopopielate o niebieskim odcieniu. G\u0142owa i g\u00f3rna cz\u0119\u015b\u0107, szyi niebieskawo-szara, pier\u015b jasnopopielata, przypr\u00f3szona jasno-rdzawo. U starych sztuk i tych z wcze\u015bniejszego l\u0119gu na szyi i po bokach w pobli\u017cu g\u0142owy bia\u0142y pasek. Ogon \u00f3d spodu jasnoszary, od g\u00f3ry ciemnoszary, na ko\u0144cu czarny. Skrzyd\u0142a ciemno-stalowe z bia\u0142ymi brzegami pi\u00f3r. Na skrzyd\u0142ach [&hellip;]<\/p>\n","protected":false},"author":1,"featured_media":0,"parent":1955,"menu_order":0,"comment_status":"closed","ping_status":"closed","template":"","meta":{"ngg_post_thumbnail":0,"footnotes":"","_links_to":"","_links_to_target":""},"class_list":["post-2034","page","type-page","status-publish","hentry"],"aioseo_notices":[],"_links":{"self":[{"href":"http:\/\/kololowieckie41los.pl\/index.php?rest_route=\/wp\/v2\/pages\/2034","targetHints":{"allow":["GET"]}}],"collection":[{"href":"http:\/\/kololowieckie41los.pl\/index.php?rest_route=\/wp\/v2\/pages"}],"about":[{"href":"http:\/\/kololowieckie41los.pl\/index.php?rest_route=\/wp\/v2\/types\/page"}],"author":[{"embeddable":true,"href":"http:\/\/kololowieckie41los.pl\/index.php?rest_route=\/wp\/v2\/users\/1"}],"replies":[{"embeddable":true,"href":"http:\/\/kololowieckie41los.pl\/index.php?rest_route=%2Fwp%2Fv2%2Fcomments&post=2034"}],"version-history":[{"count":3,"href":"http:\/\/kololowieckie41los.pl\/index.php?rest_route=\/wp\/v2\/pages\/2034\/revisions"}],"predecessor-version":[{"id":2097,"href":"http:\/\/kololowieckie41los.pl\/index.php?rest_route=\/wp\/v2\/pages\/2034\/revisions\/2097"}],"up":[{"embeddable":true,"href":"http:\/\/kololowieckie41los.pl\/index.php?rest_route=\/wp\/v2\/pages\/1955"}],"wp:attachment":[{"href":"http:\/\/kololowieckie41los.pl\/index.php?rest_route=%2Fwp%2Fv2%2Fmedia&parent=2034"}],"curies":[{"name":"wp","href":"https:\/\/api.w.org\/{rel}","templated":true}]}}