{"id":2412,"date":"2017-03-31T19:04:56","date_gmt":"2017-03-31T19:04:56","guid":{"rendered":"http:\/\/192.168.1.138\/?page_id=2412"},"modified":"2023-06-28T17:48:02","modified_gmt":"2023-06-28T17:48:02","slug":"tajne","status":"publish","type":"page","link":"http:\/\/kololowieckie41los.pl\/?page_id=2412","title":{"rendered":"Dla cz\u0142onk\u00f3w ko\u0142a"},"content":{"rendered":"","protected":true},"excerpt":{"rendered":"","protected":true},"author":1,"featured_media":0,"parent":1888,"menu_order":0,"comment_status":"closed","ping_status":"closed","template":"","meta":{"ngg_post_thumbnail":0,"footnotes":"","_links_to":"","_links_to_target":""},"class_list":["post-2412","page","type-page","status-publish","post-password-required","hentry"],"aioseo_notices":[],"_links":{"self":[{"href":"http:\/\/kololowieckie41los.pl\/index.php?rest_route=\/wp\/v2\/pages\/2412","targetHints":{"allow":["GET"]}}],"collection":[{"href":"http:\/\/kololowieckie41los.pl\/index.php?rest_route=\/wp\/v2\/pages"}],"about":[{"href":"http:\/\/kololowieckie41los.pl\/index.php?rest_route=\/wp\/v2\/types\/page"}],"author":[{"embeddable":true,"href":"http:\/\/kololowieckie41los.pl\/index.php?rest_route=\/wp\/v2\/users\/1"}],"replies":[{"embeddable":true,"href":"http:\/\/kololowieckie41los.pl\/index.php?rest_route=%2Fwp%2Fv2%2Fcomments&post=2412"}],"version-history":[{"count":8,"href":"http:\/\/kololowieckie41los.pl\/index.php?rest_route=\/wp\/v2\/pages\/2412\/revisions"}],"predecessor-version":[{"id":4089,"href":"http:\/\/kololowieckie41los.pl\/index.php?rest_route=\/wp\/v2\/pages\/2412\/revisions\/4089"}],"up":[{"embeddable":true,"href":"http:\/\/kololowieckie41los.pl\/index.php?rest_route=\/wp\/v2\/pages\/1888"}],"wp:attachment":[{"href":"http:\/\/kololowieckie41los.pl\/index.php?rest_route=%2Fwp%2Fv2%2Fmedia&parent=2412"}],"curies":[{"name":"wp","href":"https:\/\/api.w.org\/{rel}","templated":true}]}}