{"id":868,"date":"2016-05-08T15:01:38","date_gmt":"2016-05-08T15:01:38","guid":{"rendered":"http:\/\/192.168.1.138\/?page_id=868"},"modified":"2018-08-03T08:45:40","modified_gmt":"2018-08-03T08:45:40","slug":"kalendarz-polowan","status":"publish","type":"page","link":"http:\/\/kololowieckie41los.pl\/?page_id=868","title":{"rendered":"Kalendarz Polowa\u0144"},"content":{"rendered":"<h2>Kalendarz Polowa\u0144<\/h2>\n<p class=\"annotation\">Rozpiska sezonu \u0142owieckiego<\/p>\n<table class=\"calendarTable\" cellspacing=\"0\" cellpadding=\"0\">\n<tbody>\n<tr>\n<td rowspan=\"3\">\n<h3><strong>Jele\u0144 szlachetny<\/strong><\/h3>\n<\/td>\n<td>Byki<\/td>\n<td>od 21 sierpnia do ko\u0144ca lutego<\/td>\n<\/tr>\n<tr>\n<td>\u0141anie<\/td>\n<td>od 1 Wrze\u015bnia do 15 stycznia<\/td>\n<\/tr>\n<tr>\n<td>Ciel\u0119ta<\/td>\n<td>od 1 wrze\u015bnia do ko\u0144ca lutego<\/td>\n<\/tr>\n<tr>\n<td colspan=\"3\">&nbsp;<\/td>\n<\/tr>\n<tr>\n<td>\n<h3><strong>Jele\u0144 sika<\/strong><\/h3>\n<\/td>\n<td>Byki, \u0141anie i Ciel\u0119ta<\/td>\n<td>od 1 Pa\u017cdziernika do 15 stycznia<\/td>\n<\/tr>\n<tr>\n<td colspan=\"3\">&nbsp;<\/td>\n<\/tr>\n<tr>\n<td rowspan=\"2\">\n<h3><strong>Daniel<\/strong><\/h3>\n<\/td>\n<td>Byki<\/td>\n<td>od 1 wrze\u015bnia do ko\u0144ca stycznia<\/td>\n<\/tr>\n<tr>\n<td>\u0141anie i Ciel\u0119ta<\/td>\n<td>od 1 wrze\u015bnia do 15 stycznia<\/td>\n<\/tr>\n<tr>\n<td colspan=\"3\">&nbsp;<\/td>\n<\/tr>\n<tr>\n<td rowspan=\"2\">\n<h3><strong>Sarna<\/strong><\/h3>\n<\/td>\n<td>Koz\u0142y<\/td>\n<td>od 11 maja do ko\u0144ca wrze\u015bnia<\/td>\n<\/tr>\n<tr>\n<td>Kozy i Ko\u017al\u0119ta<\/td>\n<td>od 1 pa\u017adziernika do 15 stycznia<\/td>\n<\/tr>\n<tr>\n<td colspan=\"3\">&nbsp;<\/td>\n<\/tr>\n<tr>\n<td rowspan=\"3\">\n<h3><strong>Dzik<\/strong><\/h3>\n<\/td>\n<td>Ody\u0144ce, Wycinki, Przelatki oraz Warchlaki<\/td>\n<td><strong>ca\u0142y rok<\/strong><\/td>\n<\/tr>\n<tr>\n<td>Lochy<\/td>\n<td><strong>lochy&nbsp;od dnia 15 sierpnia do dnia 15 stycznia, a w okresie od dnia 1 stycznia 2015 r. do dnia 31 grudnia2016<\/strong><\/td>\n<\/tr>\n<tr>\n<td>Lochy<\/td>\n<td>Zarz\u0105d Ko\u0142a informuje, \u017ce 25 grudnia 2014 roku wesz\u0142o w \u017cycie rozporz\u0105dzenie Ministra \u015arodowiska z 17 grudnia 2014 roku zmieniaj\u0105ce okres polowa\u0144 na dziki-lochy. W latach 2015-2016 w dzier\u017cawionych przez nasze Ko\u0142o obwodach \u0142owieckich na lochy wolno polowa\u0107 <strong>od<\/strong> <strong>1<\/strong><strong> STYCZNIA do 15 LUTEGO<\/strong> oraz <strong>od 15 MAJA do 31 GRUDNIA<\/strong>, czyli okres ochronny na lochy trwa tylko <strong>od 16 LUTEGO do 14 MAJA<\/strong>.<\/p>\n<p>Rozporz\u0105dzenie Ministra \u015arodowiska<\/td>\n<\/tr>\n<tr>\n<td colspan=\"3\">&nbsp;<\/td>\n<\/tr>\n<tr>\n<td rowspan=\"2\">\n<h3><strong>Muflon<\/strong><\/h3>\n<\/td>\n<td>Tryki<\/td>\n<td>od 1 pa\u017adziernika do ko\u0144ca lutego<\/td>\n<\/tr>\n<tr>\n<td>Owce i Jagni\u0119ta<\/td>\n<td>od 1 pa\u017adziernika do 15 stycznia<\/td>\n<\/tr>\n<tr>\n<td colspan=\"3\">&nbsp;<\/td>\n<\/tr>\n<tr>\n<td>\n<h3><strong>Borsuk<\/strong><\/h3>\n<\/td>\n<td>&nbsp;<\/td>\n<td>od 1 wrze\u015bnia do ko\u0144ca listopada<\/td>\n<\/tr>\n<tr>\n<td>&nbsp;<\/td>\n<td>&nbsp;<\/td>\n<td>&nbsp;<\/td>\n<\/tr>\n<tr>\n<td>\n<h3><strong>Tch\u00f3rz<br \/>\nKuna<\/strong><\/h3>\n<p>(le\u015bna i domowa)<\/p>\n<p>(Tumak i Kamionka)<\/td>\n<td>&nbsp;<\/td>\n<td>od 1 wrze\u015bnia do ko\u0144ca marca<\/td>\n<\/tr>\n<tr>\n<td>&nbsp;<\/td>\n<td>&nbsp;<\/td>\n<td>&nbsp;<\/td>\n<\/tr>\n<tr>\n<td>\n<h3><strong>Lis<\/strong><\/h3>\n<\/td>\n<td>&nbsp;<\/td>\n<td><strong>od 1 czerwca do 31 marca<\/strong><br \/>\n<small>(na terenach obwod\u00f3w \u0142owieckich, w kt\u00f3rych wyst\u0119puje g\u0142uszec lub cietrzew lub prowadzono w ostatnich 2 latach kalendarzowych zasiedlenia zaj\u0105ca, ba\u017canta lub kuropatwy &#8211; przez ca\u0142y rok)<\/small><\/td>\n<\/tr>\n<tr>\n<td colspan=\"3\">&nbsp;<\/td>\n<\/tr>\n<tr>\n<td>\n<h3><strong>Jenot<br \/>\nNorka ameryka\u0144ska<br \/>\nSzop pracz<\/strong><\/h3>\n<\/td>\n<td>&nbsp;<\/td>\n<td><strong>przez ca\u0142y rok<\/strong><\/td>\n<\/tr>\n<tr>\n<td colspan=\"3\">&nbsp;<\/td>\n<\/tr>\n<tr>\n<td>\n<h3><strong>Pi\u017cmak<\/strong><\/h3>\n<\/td>\n<td>&nbsp;<\/td>\n<td>od 11 sierpnia do 15 kwietnia<\/td>\n<\/tr>\n<tr>\n<td colspan=\"3\">&nbsp;<\/td>\n<\/tr>\n<tr>\n<td>\n<h3><strong>Zaj\u0105c szarak<br \/>\nDziki kr\u00f3lik<\/strong><\/h3>\n<\/td>\n<td>&nbsp;<\/td>\n<td>od 1 listopada do ko\u0144ca grudnia<br \/>\nw drodze od\u0142owu do 15 stycznia<\/td>\n<\/tr>\n<tr>\n<td colspan=\"3\">&nbsp;<\/td>\n<\/tr>\n<tr>\n<td rowspan=\"2\">\n<h3><strong>Ba\u017cant<\/strong><\/h3>\n<\/td>\n<td>Koguty<\/td>\n<td>od 1 pa\u017adziernika do ko\u0144ca lutego<\/td>\n<\/tr>\n<tr>\n<td>Kury<\/td>\n<td>tylko w OHZ od 1 pa\u017adziernika do ko\u0144ca stycznia<\/td>\n<\/tr>\n<tr>\n<td colspan=\"3\">&nbsp;<\/td>\n<\/tr>\n<tr>\n<td>\n<h3><strong>Kuropatwa<\/strong><\/h3>\n<\/td>\n<td>&nbsp;<\/td>\n<td>od 11 wrze\u015bnia do 21 pa\u017adziernika<br \/>\nw drodze od\u0142owu do 15 stycznia<\/td>\n<\/tr>\n<tr>\n<td colspan=\"3\">&nbsp;<\/td>\n<\/tr>\n<tr>\n<td>\n<h3><strong>Kaczki<\/strong><\/h3>\n<p><small>(krzy\u017c\u00f3wka, cyraneczka, g\u0142owienka, czernica)<\/small><\/td>\n<td>&nbsp;<\/td>\n<td>od 15 sierpnia do 21 grudnia<\/td>\n<\/tr>\n<tr>\n<td colspan=\"3\">&nbsp;<\/td>\n<\/tr>\n<tr>\n<td>\n<h3><strong>G\u0119si<\/strong><\/h3>\n<p><small>(zbo\u017cowa, bia\u0142oczelna)<\/small><\/td>\n<td>&nbsp;<\/td>\n<td>od 1 wrze\u015bnia do 21 grudnia<br \/>\n<small>(na terenie wojew\u00f3dztw: zachodniopomorskiego, lubuskiego, wielkopolskiego i dolno\u015bl\u0105skiego &#8211; do dnia 31 stycznia)<\/small><\/td>\n<\/tr>\n<tr>\n<td colspan=\"3\">&nbsp;<\/td>\n<\/tr>\n<tr>\n<td>\n<h3><strong>G\u0119si<\/strong><\/h3>\n<p><small>(g\u0119gawa)<\/small><\/td>\n<td>&nbsp;<\/td>\n<td>od 1 wrze\u015bnia do 21 grudnia<br \/>\n<small>(na terenie wojew\u00f3dztw: zachodniopomorskiego, lubuskiego, wielkopolskiego i dolno\u015bl\u0105skiego &#8211; do dnia 15 stycznia)<\/small><\/td>\n<\/tr>\n<tr>\n<td colspan=\"3\">&nbsp;<\/td>\n<\/tr>\n<tr>\n<td>\n<h3><strong>S\u0142onka<\/strong><\/h3>\n<\/td>\n<td>&nbsp;<\/td>\n<td>od 1 wrze\u015bnia do 21 grudnia<\/td>\n<\/tr>\n<tr>\n<td colspan=\"3\">&nbsp;<\/td>\n<\/tr>\n<tr>\n<td>\n<h3><strong>\u0141yska<\/strong><\/h3>\n<\/td>\n<td>&nbsp;<\/td>\n<td>od 15 sierpnia do 21 grudnia<\/td>\n<\/tr>\n<tr>\n<td colspan=\"3\">&nbsp;<\/td>\n<\/tr>\n<tr>\n<td>\n<h3><strong>Go\u0142\u0105b grzywacz<\/strong><\/h3>\n<\/td>\n<td>&nbsp;<\/td>\n<td>od 15 sierpnia do ko\u0144ca listopada<\/td>\n<\/tr>\n<tr>\n<td colspan=\"3\">&nbsp;<\/td>\n<\/tr>\n<tr>\n<td>\n<h3><strong>Jarz\u0105bek<\/strong><\/h3>\n<\/td>\n<td>&nbsp;<\/td>\n<td>od 1 wrze\u015bnia do ko\u0144ca listopada<\/td>\n<\/tr>\n<tr>\n<td colspan=\"3\">&nbsp;<\/td>\n<\/tr>\n<tr>\n<td colspan=\"3\">\n<h3><strong>Przez ca\u0142y rok wolno polowa\u0107 na<\/strong>:<\/h3>\n<p>borsuki, tch\u00f3rze, kuny na terenach obwod\u00f3w \u0142owieckich, na kt\u00f3rych wyst\u0119puje g\u0142uszec lub cietrzew, oraz na pi\u017cmaki i nork\u0119 ameryka\u0144sk\u0105 na terenach rybackich obr\u0119b\u00f3w hodowlanych.<\/td>\n<\/tr>\n<\/tbody>\n<\/table>\n","protected":false},"excerpt":{"rendered":"<p>Kalendarz Polowa\u0144 Rozpiska sezonu \u0142owieckiego Jele\u0144 szlachetny Byki od 21 sierpnia do ko\u0144ca lutego \u0141anie od 1 Wrze\u015bnia do 15 stycznia Ciel\u0119ta od 1 wrze\u015bnia do ko\u0144ca lutego &nbsp; Jele\u0144 sika Byki, \u0141anie i Ciel\u0119ta od 1 Pa\u017cdziernika do 15 stycznia &nbsp; Daniel Byki od 1 wrze\u015bnia do ko\u0144ca stycznia \u0141anie i Ciel\u0119ta od 1 [&hellip;]<\/p>\n","protected":false},"author":1,"featured_media":0,"parent":57,"menu_order":9,"comment_status":"closed","ping_status":"closed","template":"","meta":{"ngg_post_thumbnail":0,"footnotes":"","_links_to":"","_links_to_target":""},"class_list":["post-868","page","type-page","status-publish","hentry"],"aioseo_notices":[],"_links":{"self":[{"href":"http:\/\/kololowieckie41los.pl\/index.php?rest_route=\/wp\/v2\/pages\/868","targetHints":{"allow":["GET"]}}],"collection":[{"href":"http:\/\/kololowieckie41los.pl\/index.php?rest_route=\/wp\/v2\/pages"}],"about":[{"href":"http:\/\/kololowieckie41los.pl\/index.php?rest_route=\/wp\/v2\/types\/page"}],"author":[{"embeddable":true,"href":"http:\/\/kololowieckie41los.pl\/index.php?rest_route=\/wp\/v2\/users\/1"}],"replies":[{"embeddable":true,"href":"http:\/\/kololowieckie41los.pl\/index.php?rest_route=%2Fwp%2Fv2%2Fcomments&post=868"}],"version-history":[{"count":10,"href":"http:\/\/kololowieckie41los.pl\/index.php?rest_route=\/wp\/v2\/pages\/868\/revisions"}],"predecessor-version":[{"id":2723,"href":"http:\/\/kololowieckie41los.pl\/index.php?rest_route=\/wp\/v2\/pages\/868\/revisions\/2723"}],"up":[{"embeddable":true,"href":"http:\/\/kololowieckie41los.pl\/index.php?rest_route=\/wp\/v2\/pages\/57"}],"wp:attachment":[{"href":"http:\/\/kololowieckie41los.pl\/index.php?rest_route=%2Fwp%2Fv2%2Fmedia&parent=868"}],"curies":[{"name":"wp","href":"https:\/\/api.w.org\/{rel}","templated":true}]}}