{"id":1958,"date":"2016-06-20T18:06:06","date_gmt":"2016-06-20T18:06:06","guid":{"rendered":"http:\/\/192.168.1.138\/?page_id=1958"},"modified":"2016-06-20T18:09:47","modified_gmt":"2016-06-20T18:09:47","slug":"obwody-lowieckie","status":"publish","type":"page","link":"https:\/\/kololowieckie41los.pl\/?page_id=1958","title":{"rendered":"Obwody \u0141owieckie"},"content":{"rendered":"<p><b>Obw\u00f3d \u0142owiecki,<\/b> obszar grunt\u00f3w administracyjnie wyodr\u0119bniony z przeznaczeniem dla cel\u00f3w \u0142owieckich (\u0142owiectwo), o powierzchni 3000-10 000 ha, stanowi\u0105cy zarazem siedlisko zwierzyny \u0142ownej. Obw\u00f3d \u0142owiecki ma zazwyczaj naturalne granice terytorialne.<br \/>\nNa obszarze obwodu \u0142owieckiego mo\u017ce znajdowa\u0107 si\u0119 tzw. obw\u00f3d hodowlany, tworzony dla cel\u00f3w hodowlanych b\u0105d\u017a naukowych. Obwody \u0142owieckie dzier\u017cawione s\u0105 g\u0142\u00f3wnie przez ko\u0142a \u0142owieckie i jednostki administracyjne las\u00f3w pa\u0144stwowych.<\/p>\n<p><b>Zasady<\/b><br \/>\n&#8211; optymalne zaspokojenie potrzeb w zakresie ochrony, zachowania i rozwoju preferowanych gatunk\u00f3w zwierzyny.<br \/>\n&#8211; unikanie dzielenia zbiornik\u00f3w wodnych<br \/>\n&#8211; ustalanie przebiegu granic po naturalnych lub wyra\u017anych znakach w terenie (np. drogi, rowy, rzeki).<\/p>\n<p>W sk\u0142ad obwodu nie wchodz\u0105 parki narodowe i rezerwaty przyrody, tereny w granicach administracyjnych miast, je\u017celi jednak granice te obejmuj\u0105 wi\u0119ksze obszary le\u015bne lub rolne, z obszar\u00f3w tych mo\u017ce byc utworzony obw\u00f3d \u0142owiecki lub mog\u0105 one by\u0107 w\u0142\u0105czone do innych obwod\u00f3w \u0142owieckich. R\u00f3wnie\u017c tereny zaj\u0119te przez miekscowo\u015bci nie zaliczone do miast, w granicach obejmuj\u0105cych zabudowania mieszkalne i gospodarcze z podw\u00f3rzami, placami i ulicami oraz drogi wewn\u0105trz tych miejscowo\u015bci. Nie wchodz\u0105 tak\u017ce budowle, zak\u0142ady i urz\u0105dzenia, tereny przeznaczone na cele spo\u0142eczne, kultu religijnego, przemys\u0142owe, handlowe, sk\u0142adowe, transportowe i inne cele gospodarcze oraz obiekty o charakterze zabytkowym i specjalnym, w granicach ich ogrodze\u0144.<\/p>\n<p>Obwody \u0142owieckie dziel\u0105 si\u0119 na le\u015bne i polne.<br \/>\n<b>Obw\u00f3d \u0142owiecki le\u015bny<\/b> to taki, w kt\u00f3rym grunty le\u015bne stanowi\u0105 co najmniej 40 % og\u00f3lnej powierzchni tego obszaru.<br \/>\n<b>Obw\u00f3d \u0142owiecki polny<\/b> jest to obszar, w kt\u00f3rym grunty le\u015bne stanowi\u0105 mniej ni\u017c 40 % og\u00f3lnej powierzchni tego obszaru.<br \/>\nZasady kategoryzacji obwod\u00f3w okre\u015bla minister uwzgl\u0119dniaj\u0105c liczebno\u015b\u0107 poszczeg\u00f3lnych gatunk\u00f3w zwierzyny i wielko\u015b\u0107 pozyskania.<\/p>\n<p><strong>Ko\u0142o \u0141owieckie 41 &#8222;\u0141o\u015b&#8221;\u00a0<\/strong>gospodruje 2 obwody \u0142owieckie:<\/p>\n<p>Obw\u00f3d 288 typowo le\u015bny, oraz obw\u00f3d nr 300 &#8211; polny, granice obwod\u00f3w mozna znale\u017a\u0107 w zak\u0142adce\u00a0<strong>MAPKI<\/strong><\/p>\n","protected":false},"excerpt":{"rendered":"<p>Obw\u00f3d \u0142owiecki, obszar grunt\u00f3w administracyjnie wyodr\u0119bniony z przeznaczeniem dla cel\u00f3w \u0142owieckich (\u0142owiectwo), o powierzchni 3000-10 000 ha, stanowi\u0105cy zarazem siedlisko zwierzyny \u0142ownej. Obw\u00f3d \u0142owiecki ma zazwyczaj naturalne granice terytorialne. Na obszarze obwodu \u0142owieckiego mo\u017ce znajdowa\u0107 si\u0119 tzw. obw\u00f3d hodowlany, tworzony dla cel\u00f3w hodowlanych b\u0105d\u017a naukowych. Obwody \u0142owieckie dzier\u017cawione s\u0105 g\u0142\u00f3wnie przez ko\u0142a \u0142owieckie i jednostki [&hellip;]<\/p>\n","protected":false},"author":1,"featured_media":0,"parent":1888,"menu_order":0,"comment_status":"closed","ping_status":"closed","template":"","meta":{"ngg_post_thumbnail":0,"footnotes":"","_links_to":"","_links_to_target":""},"class_list":["post-1958","page","type-page","status-publish","hentry"],"aioseo_notices":[],"_links":{"self":[{"href":"https:\/\/kololowieckie41los.pl\/index.php?rest_route=\/wp\/v2\/pages\/1958","targetHints":{"allow":["GET"]}}],"collection":[{"href":"https:\/\/kololowieckie41los.pl\/index.php?rest_route=\/wp\/v2\/pages"}],"about":[{"href":"https:\/\/kololowieckie41los.pl\/index.php?rest_route=\/wp\/v2\/types\/page"}],"author":[{"embeddable":true,"href":"https:\/\/kololowieckie41los.pl\/index.php?rest_route=\/wp\/v2\/users\/1"}],"replies":[{"embeddable":true,"href":"https:\/\/kololowieckie41los.pl\/index.php?rest_route=%2Fwp%2Fv2%2Fcomments&post=1958"}],"version-history":[{"count":3,"href":"https:\/\/kololowieckie41los.pl\/index.php?rest_route=\/wp\/v2\/pages\/1958\/revisions"}],"predecessor-version":[{"id":1962,"href":"https:\/\/kololowieckie41los.pl\/index.php?rest_route=\/wp\/v2\/pages\/1958\/revisions\/1962"}],"up":[{"embeddable":true,"href":"https:\/\/kololowieckie41los.pl\/index.php?rest_route=\/wp\/v2\/pages\/1888"}],"wp:attachment":[{"href":"https:\/\/kololowieckie41los.pl\/index.php?rest_route=%2Fwp%2Fv2%2Fmedia&parent=1958"}],"curies":[{"name":"wp","href":"https:\/\/api.w.org\/{rel}","templated":true}]}}