{"id":1992,"date":"2016-06-20T18:58:59","date_gmt":"2016-06-20T18:58:59","guid":{"rendered":"http:\/\/192.168.1.138\/?page_id=1992"},"modified":"2016-06-21T09:26:23","modified_gmt":"2016-06-21T09:26:23","slug":"muflon","status":"publish","type":"page","link":"https:\/\/kololowieckie41los.pl\/?page_id=1992","title":{"rendered":"Muflon"},"content":{"rendered":"<p><img loading=\"lazy\" decoding=\"async\" class=\"alignnone size-medium wp-image-2072\" src=\"http:\/\/kololowieckie41los.pl\/wp-content\/uploads\/2016\/06\/muflon-300x219.jpg\" alt=\"muflon\" width=\"300\" height=\"219\" srcset=\"https:\/\/kololowieckie41los.pl\/wp-content\/uploads\/2016\/06\/muflon-300x219.jpg 300w, https:\/\/kololowieckie41los.pl\/wp-content\/uploads\/2016\/06\/muflon.jpg 531w\" sizes=\"auto, (max-width: 300px) 100vw, 300px\" \/><\/p>\n<p>Muflon jest to dzika owca g\u00f3rska, kt\u00f3ra zosta\u0142a sprowadzona z Korsyki i Sardynii na polskie tereny w pierwszych latach XX wieku.<br \/>\nObecnie nast\u0105pi\u0142o znaczne rozszerzenie zakresu rozmieszcznia muflon\u00f3w i nie ogranica si\u0119 tylko do woj. dolno\u015bl\u0105skiego i wielkopolskiego. Nast\u0105pi\u0142 tak\u017ce znaczny przyrost stanu liczbowego muflon\u00f3w wobec ma\u0142ego odstrza\u0142u.<br \/>\nMuflon ma silna budow\u0119, jest kr\u0119py, o szyi kr\u00f3tkiej i silnej. Biegi ma mocne i do\u015bc wysokie. Jest on dobrze przystosowany do warunk\u00f3w bytu w g\u00f3rzystym terenie, ale obecnie obrze si\u0119 czuje tak\u017ce na obszarach r\u00f3wninnych.<br \/>\nSuknia Muflona w lecie jest ceglastobr\u0105zowa, na grzbiecie ciemniejsza, za\u015b g\u0119ba, brzuch, wewn\u0119trzna strona bieg\u00f3w i ich dolna cz\u0119\u015b\u0107 oraz lustro s\u0105 bia\u0142e. W zimie suknia ma kolor kasztanowobr\u0105zowy, z czarnym nalotem na grzbiecie. Na bokach tu\u0142owia starsze sztuki maj\u0105 bia\u0142\u0105 plam\u0119, tzw. siod\u0142o, kt\u00f3re w lecie jest siwe, a zim\u0105 bia\u0142e. Starsze tryki maj\u0105 u do\u0142u szyi czarna grzyw\u0119. Sier\u015b\u0107 muflon\u00f3w jest kr\u00f3tka. Tryk ma rogi, kt\u00f3rych nie zrzuca co roku jak zwierzyna p\u0142owa, lecz przed\u0142u\u017caj\u0105 si\u0119 one stale przez odrastanie w nasadzie. Rogi tryka wyrastaj\u0105 z czo\u0142a, wygi\u0119te s\u0105 do do\u0142u, u starego tryka tworz\u0105 kszta\u0142t litery C albo nawet zamkni\u0119te ko\u0142o. Ow ce z regu\u0142y nie maj\u0105 rog\u00f3w, a co najwy\u017cej, i to wyj\u0105tkowo rzadko, niewysokie proste r\u00f3\u017cki.<\/p>\n<p>Cia\u0142o muflona ma d\u0142ugo\u015b\u0107 ok. 120 cm, wysoko\u015b\u0107 w barku 70 cm. Masa tryka waha si\u0119 od 35-50 kg, owcy 25-35 kg. Masa rog\u00f3w starego tryka wynosi ok. 4 kg, a obw\u00f3d przy nasadzie ok. 25 cm, ogon 6-10 cm.<\/p>\n<p>Ruja muflon\u00f3w odbywa si\u0119 od po\u0142owy pa\u017adziernika do po\u0142owy grudnia. W okresie rui stare tryki odp\u0119dzaj\u0105 m\u0142odsze od kierdeli owiec. Mi\u0119dzy trykami wywi\u0105zuj\u0105 sie zaci\u0119te walki, w kt\u00f3rych jeden drugiemu stara si\u0119 zada\u0107 rogami cios unieszkodliwiaj\u0105cy go fizycznie. Dochodzi czasami do z\u0142ama\u0144 kr\u0119g\u00f3w szyjnych uderzeniem lub w czasie splotu \u015blim\u00f3w. Zdarza sie nawet spl\u0105tanie i niemo\u017cno\u015b\u0107 ich roz\u0142\u0105czenia, w wyniku czego obydwaj walcz\u0105cy gin\u0105 z wyczerpania i g\u0142odu.<br \/>\nOwca rodzi po 5 miesi\u0105cach, tj. w kwietniu-maju, wydaj\u0105c na \u015bwiat jedno, rzadziej dwa jagni\u0119ta. Wykot nast\u0119puje w le\u015bnej g\u0119stwinie.<br \/>\nJagni\u0119 rozwija sie szybko i ju\u017c po kilku dniach dobrze chodzi nawet po g\u00f3rach. Zimno i suchy \u015bnieg nie szkodz\u0105 jagni\u0119tom, deszcz i wilgo\u0107 jednak s\u0105 dla nich bardzo szkodliwe, powoduj\u0105c cz\u0119sto ich padni\u0119cie. Jagni\u0119 pozostaje przy matce przez 2 lata. M\u0142ode tryki juz po drugim roku uczestnicz\u0105 w rui.<br \/>\nMuflon jest ro\u015blino\u017cerny. \u017bywi si\u0119, podobnie jak jele\u0144, wszelkiego rodzaju trawami, zio\u0142ami, li\u015b\u0107mi, m\u0142odymi p\u0119dami drzew i krzew\u00f3w. Ulubion\u0105 jego ro\u015blin\u0105 jest wilczy mlecz oraz \u017co\u0142\u0119dzie i bukiew. W okresie zimy wystarczaj\u0105cym dla niego \u017cerem jest wrzos, bor\u00f3wki oraz ja\u0142owiec i mech.<br \/>\nMuflony nie wyrz\u0105dzaj\u0105 szk\u00f3d ani w polu, a ni w lesie, chyba \u017ce s\u0105 bardzo wysokie \u015bniegi.<br \/>\nMuflon \u017ceruje tak\u017ce w dzie\u0144 w spokojnym tereniem, w zasadzie jednak nad wieczorem i wczesnym rankiem na \u0142\u0105kach \u015br\u00f3dle\u015bnych<\/p>\n<p><b>Polowanie<\/b><br \/>\nNa muflony-tryki poluje si\u0119 od 1 pa\u017adziernika do ko\u0144ca lutego, owce i jagni\u0119ta od 1 pa\u017adziernika do 15 stycznia. Na muflony poluje si\u0119 na podch\u00f3d i z zasiadki. Polowanie to wymaga jednak dobrej znajomo\u015bci terenu. Muflon jest niezwykle czujny i p\u0142ochliwy, ma dobry w\u0119ch i s\u0142uch, a przy tym jest bardzo rozwa\u017cny i umie szybko ukry\u0107 si\u0119 w g\u0119stwinie.<br \/>\nTryk w wieku 6-7 lat jest juz odpowiedni do odstrza\u0142u. W pierwszej kolejno\u015bci nale\u017cy odstrzeliwa\u0107 sztuki chore, s\u0142abe i o nieprawid\u0142owych \u015blimach.<\/p>\n","protected":false},"excerpt":{"rendered":"<p>Muflon jest to dzika owca g\u00f3rska, kt\u00f3ra zosta\u0142a sprowadzona z Korsyki i Sardynii na polskie tereny w pierwszych latach XX wieku. Obecnie nast\u0105pi\u0142o znaczne rozszerzenie zakresu rozmieszcznia muflon\u00f3w i nie ogranica si\u0119 tylko do woj. dolno\u015bl\u0105skiego i wielkopolskiego. Nast\u0105pi\u0142 tak\u017ce znaczny przyrost stanu liczbowego muflon\u00f3w wobec ma\u0142ego odstrza\u0142u. Muflon ma silna budow\u0119, jest kr\u0119py, o [&hellip;]<\/p>\n","protected":false},"author":1,"featured_media":0,"parent":1955,"menu_order":0,"comment_status":"closed","ping_status":"closed","template":"","meta":{"ngg_post_thumbnail":0,"footnotes":"","_links_to":"","_links_to_target":""},"class_list":["post-1992","page","type-page","status-publish","hentry"],"aioseo_notices":[],"_links":{"self":[{"href":"https:\/\/kololowieckie41los.pl\/index.php?rest_route=\/wp\/v2\/pages\/1992","targetHints":{"allow":["GET"]}}],"collection":[{"href":"https:\/\/kololowieckie41los.pl\/index.php?rest_route=\/wp\/v2\/pages"}],"about":[{"href":"https:\/\/kololowieckie41los.pl\/index.php?rest_route=\/wp\/v2\/types\/page"}],"author":[{"embeddable":true,"href":"https:\/\/kololowieckie41los.pl\/index.php?rest_route=\/wp\/v2\/users\/1"}],"replies":[{"embeddable":true,"href":"https:\/\/kololowieckie41los.pl\/index.php?rest_route=%2Fwp%2Fv2%2Fcomments&post=1992"}],"version-history":[{"count":3,"href":"https:\/\/kololowieckie41los.pl\/index.php?rest_route=\/wp\/v2\/pages\/1992\/revisions"}],"predecessor-version":[{"id":2074,"href":"https:\/\/kololowieckie41los.pl\/index.php?rest_route=\/wp\/v2\/pages\/1992\/revisions\/2074"}],"up":[{"embeddable":true,"href":"https:\/\/kololowieckie41los.pl\/index.php?rest_route=\/wp\/v2\/pages\/1955"}],"wp:attachment":[{"href":"https:\/\/kololowieckie41los.pl\/index.php?rest_route=%2Fwp%2Fv2%2Fmedia&parent=1992"}],"curies":[{"name":"wp","href":"https:\/\/api.w.org\/{rel}","templated":true}]}}