{"id":28,"date":"2016-04-30T17:26:21","date_gmt":"2016-04-30T17:26:21","guid":{"rendered":"http:\/\/192.168.1.138\/?page_id=28"},"modified":"2024-12-08T10:47:43","modified_gmt":"2024-12-08T10:47:43","slug":"czlonkowie","status":"publish","type":"page","link":"https:\/\/kololowieckie41los.pl\/?page_id=28","title":{"rendered":"Cz\u0142onkowie"},"content":{"rendered":"<h3>Cz\u0142onkowie Ko\u0142a \u0141owieckiego Nr 41 &#8222;\u0141O\u015a&#8221; w Do\u0142hobyczowie:<\/h3>\n<ol>\n<li>Bara\u0144ski Tomasz<\/li>\n<li>Bara\u0144ski Wies\u0142aw<\/li>\n<li>Bratkowski S\u0142awomir<\/li>\n<li>Chmiel Eliasz<\/li>\n<li>D\u0105browski Jaros\u0142aw<\/li>\n<li>Dziura Arkadiusz<\/li>\n<li>Dziura Kazimierz<\/li>\n<li>Gromek Wojciech<\/li>\n<li>Gromulski Andrzej<\/li>\n<li>Jarmolik Artur<\/li>\n<li>J\u0119drasik Jerzy<\/li>\n<li>Kaniewski Artur<\/li>\n<li>Kapusta Adam<\/li>\n<li>K\u0105tek Emil<\/li>\n<li>Klajne Pawe\u0142<\/li>\n<li>Kopera Piotr<\/li>\n<li>Kopera Tomasz<\/li>\n<li>Korzeniowski Jaros\u0142aw<\/li>\n<li>Krawczyk Franciszek<\/li>\n<li>Krawczyk Krzysztof<\/li>\n<li>Kulczy\u0144ski Marcin<\/li>\n<li>Mas\u0142osz Wojciech<\/li>\n<li>Matysiak Maciek<\/li>\n<li>Matysiak Oliwia<\/li>\n<li>Mazur Krzysztof<\/li>\n<li>Muzyczka Marcin<\/li>\n<li>Muzyczka Janusz<\/li>\n<li>Nikodem Roman<\/li>\n<li>Oberda Marek<\/li>\n<li>Osinowski Jerzy<\/li>\n<li>O\u017c\u00f3g Rados\u0142aw<\/li>\n<li>Paradowski Jerzy<\/li>\n<li>Pasieka Janusz<\/li>\n<li>Pasieka Robert<\/li>\n<li>Roma\u0144czuk Adam<\/li>\n<li>Segieda Jan<\/li>\n<li>Szpakowski Piotr<\/li>\n<li>Tracz Jerzy<\/li>\n<li>Wandiuk Szymon<\/li>\n<li>Wi\u015bniewski Waldemar<\/li>\n<li>W\u00f3jcik vel Brzozowski Rafa\u0142<\/li>\n<li>Wr\u00f3blewski Micha\u0142<\/li>\n<\/ol>\n<h3>Rezydenci Ko\u0142a \u0141owieckiego Nr 41 &#8222;\u0141O\u015a&#8221; w Do\u0142hobyczowie:<\/h3>\n<ol>\n<li>Rajczak Adam<\/li>\n<\/ol>\n<p><strong>Sta\u017cy\u015bci Ko\u0142a \u0141owieckiego Nr 41 &#8222;\u0141O\u015a&#8221; w Do\u0142hobyczowie:<\/strong><\/p>\n<ol>\n<li>&nbsp;<\/li>\n<\/ol>\n","protected":false},"excerpt":{"rendered":"<p>Cz\u0142onkowie Ko\u0142a \u0141owieckiego Nr 41 &#8222;\u0141O\u015a&#8221; w Do\u0142hobyczowie: Bara\u0144ski Tomasz Bara\u0144ski Wies\u0142aw Bratkowski S\u0142awomir Chmiel Eliasz D\u0105browski Jaros\u0142aw Dziura Arkadiusz Dziura Kazimierz Gromek Wojciech Gromulski Andrzej Jarmolik Artur J\u0119drasik Jerzy Kaniewski Artur Kapusta Adam K\u0105tek Emil Klajne Pawe\u0142 Kopera Piotr Kopera Tomasz Korzeniowski Jaros\u0142aw Krawczyk Franciszek Krawczyk Krzysztof Kulczy\u0144ski Marcin Mas\u0142osz Wojciech Matysiak Maciek Matysiak [&hellip;]<\/p>\n","protected":false},"author":1,"featured_media":0,"parent":0,"menu_order":3,"comment_status":"closed","ping_status":"closed","template":"","meta":{"ngg_post_thumbnail":0,"footnotes":"","_links_to":"","_links_to_target":""},"class_list":["post-28","page","type-page","status-publish","hentry"],"aioseo_notices":[],"_links":{"self":[{"href":"https:\/\/kololowieckie41los.pl\/index.php?rest_route=\/wp\/v2\/pages\/28","targetHints":{"allow":["GET"]}}],"collection":[{"href":"https:\/\/kololowieckie41los.pl\/index.php?rest_route=\/wp\/v2\/pages"}],"about":[{"href":"https:\/\/kololowieckie41los.pl\/index.php?rest_route=\/wp\/v2\/types\/page"}],"author":[{"embeddable":true,"href":"https:\/\/kololowieckie41los.pl\/index.php?rest_route=\/wp\/v2\/users\/1"}],"replies":[{"embeddable":true,"href":"https:\/\/kololowieckie41los.pl\/index.php?rest_route=%2Fwp%2Fv2%2Fcomments&post=28"}],"version-history":[{"count":24,"href":"https:\/\/kololowieckie41los.pl\/index.php?rest_route=\/wp\/v2\/pages\/28\/revisions"}],"predecessor-version":[{"id":4154,"href":"https:\/\/kololowieckie41los.pl\/index.php?rest_route=\/wp\/v2\/pages\/28\/revisions\/4154"}],"wp:attachment":[{"href":"https:\/\/kololowieckie41los.pl\/index.php?rest_route=%2Fwp%2Fv2%2Fmedia&parent=28"}],"curies":[{"name":"wp","href":"https:\/\/api.w.org\/{rel}","templated":true}]}}